{"id":563,"date":"2022-01-26T10:22:31","date_gmt":"2022-01-26T07:22:31","guid":{"rendered":"https:\/\/esinozatan.av.tr\/?page_id=563"},"modified":"2022-03-25T12:43:52","modified_gmt":"2022-03-25T09:43:52","slug":"enforcement-law","status":"publish","type":"page","link":"https:\/\/esinozatan.av.tr\/en\/enforcement-law\/","title":{"rendered":"Enforcement Law"},"content":{"rendered":"\t\t<div data-elementor-type=\"wp-page\" data-elementor-id=\"563\" class=\"elementor elementor-563\" data-elementor-settings=\"[]\">\n\t\t\t\t\t\t\t<div class=\"elementor-section-wrap\">\n\t\t\t\t\t\t\t<section class=\"elementor-section elementor-top-section elementor-element elementor-element-46aae89 elementor-section-boxed elementor-section-height-default elementor-section-height-default\" data-id=\"46aae89\" data-element_type=\"section\" data-settings=\"{&quot;jet_parallax_layout_list&quot;:[{&quot;jet_parallax_layout_image&quot;:{&quot;url&quot;:&quot;&quot;,&quot;id&quot;:&quot;&quot;},&quot;_id&quot;:&quot;dd4168b&quot;,&quot;jet_parallax_layout_image_tablet&quot;:{&quot;url&quot;:&quot;&quot;,&quot;id&quot;:&quot;&quot;},&quot;jet_parallax_layout_image_mobile&quot;:{&quot;url&quot;:&quot;&quot;,&quot;id&quot;:&quot;&quot;},&quot;jet_parallax_layout_speed&quot;:{&quot;unit&quot;:&quot;%&quot;,&quot;size&quot;:50,&quot;sizes&quot;:[]},&quot;jet_parallax_layout_type&quot;:&quot;scroll&quot;,&quot;jet_parallax_layout_direction&quot;:null,&quot;jet_parallax_layout_fx_direction&quot;:null,&quot;jet_parallax_layout_z_index&quot;:&quot;&quot;,&quot;jet_parallax_layout_bg_x&quot;:50,&quot;jet_parallax_layout_bg_x_tablet&quot;:&quot;&quot;,&quot;jet_parallax_layout_bg_x_mobile&quot;:&quot;&quot;,&quot;jet_parallax_layout_bg_y&quot;:50,&quot;jet_parallax_layout_bg_y_tablet&quot;:&quot;&quot;,&quot;jet_parallax_layout_bg_y_mobile&quot;:&quot;&quot;,&quot;jet_parallax_layout_bg_size&quot;:&quot;auto&quot;,&quot;jet_parallax_layout_bg_size_tablet&quot;:&quot;&quot;,&quot;jet_parallax_layout_bg_size_mobile&quot;:&quot;&quot;,&quot;jet_parallax_layout_animation_prop&quot;:&quot;transform&quot;,&quot;jet_parallax_layout_on&quot;:[&quot;desktop&quot;,&quot;tablet&quot;]}]}\">\n\t\t\t\t\t\t<div class=\"elementor-container elementor-column-gap-default\">\n\t\t\t\t\t<div class=\"elementor-column elementor-col-100 elementor-top-column elementor-element elementor-element-2f9ec8f1\" data-id=\"2f9ec8f1\" data-element_type=\"column\">\n\t\t\t<div class=\"elementor-widget-wrap elementor-element-populated\">\n\t\t\t\t\t\t\t\t<div class=\"elementor-element elementor-element-4df49619 elementor-widget elementor-widget-text-editor\" data-id=\"4df49619\" data-element_type=\"widget\" data-widget_type=\"text-editor.default\">\n\t\t\t\t<div class=\"elementor-widget-container\">\n\t\t\t<style>\/*! elementor - v3.5.4 - 23-01-2022 *\/\n.elementor-widget-text-editor.elementor-drop-cap-view-stacked .elementor-drop-cap{background-color:#818a91;color:#fff}.elementor-widget-text-editor.elementor-drop-cap-view-framed .elementor-drop-cap{color:#818a91;border:3px solid;background-color:transparent}.elementor-widget-text-editor:not(.elementor-drop-cap-view-default) .elementor-drop-cap{margin-top:8px}.elementor-widget-text-editor:not(.elementor-drop-cap-view-default) .elementor-drop-cap-letter{width:1em;height:1em}.elementor-widget-text-editor .elementor-drop-cap{float:left;text-align:center;line-height:1;font-size:50px}.elementor-widget-text-editor .elementor-drop-cap-letter{display:inline-block}<\/style>\t\t\t\t<p>During the execution and foreclosure proceedings, it is important for a lawyer who is an expert in the field of enforcement to follow the proceedings on your behalf in order to reach what you will receive. In addition, the suspension of enforcement proceedings that have been unfairly initiated is also within the scope of the enforcement lawyer.<\/p>\n<p>Our law firm offers solutions to the disputes that arise regarding the enforcement law:<\/p>\n<p>Collection Of Accounts Receivable<\/p>\n<p>Commence Execution Proceedings (With Or Without Judgment Creditor)<\/p>\n<p>Performing Enforcement Action<\/p>\n<p>Pledge And Hypothec Sales<\/p>\n<p>Rejecting Unfair Execution Proceeding (For Debt, For Signiture)<\/p>\t\t\t\t\t\t<\/div>\n\t\t\t\t<\/div>\n\t\t\t\t\t<\/div>\n\t\t<\/div>\n\t\t\t\t\t\t\t<\/div>\n\t\t<\/section>\n\t\t\t\t<section class=\"elementor-section elementor-top-section elementor-element elementor-element-5840ccf elementor-section-boxed elementor-section-height-default elementor-section-height-default\" data-id=\"5840ccf\" data-element_type=\"section\" data-settings=\"{&quot;jet_parallax_layout_list&quot;:[{&quot;jet_parallax_layout_image&quot;:{&quot;url&quot;:&quot;&quot;,&quot;id&quot;:&quot;&quot;},&quot;_id&quot;:&quot;fc83b60&quot;,&quot;jet_parallax_layout_image_tablet&quot;:{&quot;url&quot;:&quot;&quot;,&quot;id&quot;:&quot;&quot;},&quot;jet_parallax_layout_image_mobile&quot;:{&quot;url&quot;:&quot;&quot;,&quot;id&quot;:&quot;&quot;},&quot;jet_parallax_layout_speed&quot;:{&quot;unit&quot;:&quot;%&quot;,&quot;size&quot;:50,&quot;sizes&quot;:[]},&quot;jet_parallax_layout_type&quot;:&quot;scroll&quot;,&quot;jet_parallax_layout_direction&quot;:null,&quot;jet_parallax_layout_fx_direction&quot;:null,&quot;jet_parallax_layout_z_index&quot;:&quot;&quot;,&quot;jet_parallax_layout_bg_x&quot;:50,&quot;jet_parallax_layout_bg_x_tablet&quot;:&quot;&quot;,&quot;jet_parallax_layout_bg_x_mobile&quot;:&quot;&quot;,&quot;jet_parallax_layout_bg_y&quot;:50,&quot;jet_parallax_layout_bg_y_tablet&quot;:&quot;&quot;,&quot;jet_parallax_layout_bg_y_mobile&quot;:&quot;&quot;,&quot;jet_parallax_layout_bg_size&quot;:&quot;auto&quot;,&quot;jet_parallax_layout_bg_size_tablet&quot;:&quot;&quot;,&quot;jet_parallax_layout_bg_size_mobile&quot;:&quot;&quot;,&quot;jet_parallax_layout_animation_prop&quot;:&quot;transform&quot;,&quot;jet_parallax_layout_on&quot;:[&quot;desktop&quot;,&quot;tablet&quot;]}]}\">\n\t\t\t\t\t\t<div class=\"elementor-container elementor-column-gap-default\">\n\t\t\t\t\t<div class=\"elementor-column elementor-col-100 elementor-top-column elementor-element elementor-element-d4b4a0e\" data-id=\"d4b4a0e\" data-element_type=\"column\">\n\t\t\t<div class=\"elementor-widget-wrap elementor-element-populated\">\n\t\t\t\t\t\t\t\t<div class=\"elementor-element elementor-element-ef1ad13 elementor-widget elementor-widget-heading\" data-id=\"ef1ad13\" data-element_type=\"widget\" data-widget_type=\"heading.default\">\n\t\t\t\t<div class=\"elementor-widget-container\">\n\t\t\t<style>\/*! elementor - v3.5.4 - 23-01-2022 *\/\n.elementor-heading-title{padding:0;margin:0;line-height:1}.elementor-widget-heading .elementor-heading-title[class*=elementor-size-]>a{color:inherit;font-size:inherit;line-height:inherit}.elementor-widget-heading .elementor-heading-title.elementor-size-small{font-size:15px}.elementor-widget-heading .elementor-heading-title.elementor-size-medium{font-size:19px}.elementor-widget-heading .elementor-heading-title.elementor-size-large{font-size:29px}.elementor-widget-heading .elementor-heading-title.elementor-size-xl{font-size:39px}.elementor-widget-heading .elementor-heading-title.elementor-size-xxl{font-size:59px}<\/style><h2 class=\"elementor-heading-title elementor-size-default\">Izmir Enforcement Lawyer <\/h2>\t\t<\/div>\n\t\t\t\t<\/div>\n\t\t\t\t\t<\/div>\n\t\t<\/div>\n\t\t\t\t\t\t\t<\/div>\n\t\t<\/section>\n\t\t\t\t<section class=\"elementor-section elementor-top-section elementor-element elementor-element-0d18c61 elementor-section-boxed elementor-section-height-default elementor-section-height-default\" data-id=\"0d18c61\" data-element_type=\"section\" data-settings=\"{&quot;jet_parallax_layout_list&quot;:[{&quot;jet_parallax_layout_image&quot;:{&quot;url&quot;:&quot;&quot;,&quot;id&quot;:&quot;&quot;},&quot;_id&quot;:&quot;0d4e8db&quot;,&quot;jet_parallax_layout_image_tablet&quot;:{&quot;url&quot;:&quot;&quot;,&quot;id&quot;:&quot;&quot;},&quot;jet_parallax_layout_image_mobile&quot;:{&quot;url&quot;:&quot;&quot;,&quot;id&quot;:&quot;&quot;},&quot;jet_parallax_layout_speed&quot;:{&quot;unit&quot;:&quot;%&quot;,&quot;size&quot;:50,&quot;sizes&quot;:[]},&quot;jet_parallax_layout_type&quot;:&quot;scroll&quot;,&quot;jet_parallax_layout_direction&quot;:null,&quot;jet_parallax_layout_fx_direction&quot;:null,&quot;jet_parallax_layout_z_index&quot;:&quot;&quot;,&quot;jet_parallax_layout_bg_x&quot;:50,&quot;jet_parallax_layout_bg_x_tablet&quot;:&quot;&quot;,&quot;jet_parallax_layout_bg_x_mobile&quot;:&quot;&quot;,&quot;jet_parallax_layout_bg_y&quot;:50,&quot;jet_parallax_layout_bg_y_tablet&quot;:&quot;&quot;,&quot;jet_parallax_layout_bg_y_mobile&quot;:&quot;&quot;,&quot;jet_parallax_layout_bg_size&quot;:&quot;auto&quot;,&quot;jet_parallax_layout_bg_size_tablet&quot;:&quot;&quot;,&quot;jet_parallax_layout_bg_size_mobile&quot;:&quot;&quot;,&quot;jet_parallax_layout_animation_prop&quot;:&quot;transform&quot;,&quot;jet_parallax_layout_on&quot;:[&quot;desktop&quot;,&quot;tablet&quot;]}]}\">\n\t\t\t\t\t\t<div class=\"elementor-container elementor-column-gap-default\">\n\t\t\t\t\t<div class=\"elementor-column elementor-col-50 elementor-top-column elementor-element elementor-element-ebfcfdd\" data-id=\"ebfcfdd\" data-element_type=\"column\">\n\t\t\t<div class=\"elementor-widget-wrap elementor-element-populated\">\n\t\t\t\t\t\t\t\t<div class=\"elementor-element elementor-element-491ec9a elementor-widget elementor-widget-image\" data-id=\"491ec9a\" data-element_type=\"widget\" data-widget_type=\"image.default\">\n\t\t\t\t<div class=\"elementor-widget-container\">\n\t\t\t<style>\/*! elementor - v3.5.4 - 23-01-2022 *\/\n.elementor-widget-image{text-align:center}.elementor-widget-image a{display:inline-block}.elementor-widget-image a img[src$=\".svg\"]{width:48px}.elementor-widget-image img{vertical-align:middle;display:inline-block}<\/style>\t\t\t\t\t\t\t\t\t<figure class=\"wp-caption\">\n\t\t\t\t\t\t\t\t\t\t<img width=\"575\" height=\"270\" src=\"https:\/\/esinozatan.av.tr\/en\/wp-content\/uploads\/2022\/02\/Izmir-Icra-Avukati.jpg\" class=\"attachment-large size-large\" alt=\"\u0130zmir icra avukat\u0131\" loading=\"lazy\" srcset=\"https:\/\/esinozatan.av.tr\/en\/wp-content\/uploads\/2022\/02\/Izmir-Icra-Avukati.jpg 575w, https:\/\/esinozatan.av.tr\/en\/wp-content\/uploads\/2022\/02\/Izmir-Icra-Avukati-300x141.jpg 300w\" sizes=\"(max-width: 575px) 100vw, 575px\" \/>\t\t\t\t\t\t\t\t\t\t\t<figcaption class=\"widget-image-caption wp-caption-text\">\u0130zmir icra avukat\u0131<\/figcaption>\n\t\t\t\t\t\t\t\t\t\t<\/figure>\n\t\t\t\t\t\t\t\t\t<\/div>\n\t\t\t\t<\/div>\n\t\t\t\t\t<\/div>\n\t\t<\/div>\n\t\t\t\t<div class=\"elementor-column elementor-col-50 elementor-top-column elementor-element elementor-element-df38627\" data-id=\"df38627\" data-element_type=\"column\">\n\t\t\t<div class=\"elementor-widget-wrap elementor-element-populated\">\n\t\t\t\t\t\t\t\t<div class=\"elementor-element elementor-element-fcbe092 elementor-widget elementor-widget-text-editor\" data-id=\"fcbe092\" data-element_type=\"widget\" data-widget_type=\"text-editor.default\">\n\t\t\t\t<div class=\"elementor-widget-container\">\n\t\t\t\t\t\t\t<p>The financial obligation occurring from private law, which is not paid with the consent of the borrower, is required to be paid by the state. The branch of legislation that manages this payment issue is called execution and bankruptcy law regulation. Enforcement attorney manage enforcement as well as bankruptcy cases. Izmir enforcement attorney launches and also carries out enforcement procedures upon non-payment of financial obligation and also performs all lawsuits in behalf of the creditor for the collection of financial debt.<\/p> \t\t\t\t\t\t<\/div>\n\t\t\t\t<\/div>\n\t\t\t\t\t<\/div>\n\t\t<\/div>\n\t\t\t\t\t\t\t<\/div>\n\t\t<\/section>\n\t\t\t\t<section class=\"elementor-section elementor-top-section elementor-element elementor-element-101010f elementor-section-boxed elementor-section-height-default elementor-section-height-default\" data-id=\"101010f\" data-element_type=\"section\" data-settings=\"{&quot;jet_parallax_layout_list&quot;:[{&quot;jet_parallax_layout_image&quot;:{&quot;url&quot;:&quot;&quot;,&quot;id&quot;:&quot;&quot;},&quot;_id&quot;:&quot;be6c948&quot;,&quot;jet_parallax_layout_image_tablet&quot;:{&quot;url&quot;:&quot;&quot;,&quot;id&quot;:&quot;&quot;},&quot;jet_parallax_layout_image_mobile&quot;:{&quot;url&quot;:&quot;&quot;,&quot;id&quot;:&quot;&quot;},&quot;jet_parallax_layout_speed&quot;:{&quot;unit&quot;:&quot;%&quot;,&quot;size&quot;:50,&quot;sizes&quot;:[]},&quot;jet_parallax_layout_type&quot;:&quot;scroll&quot;,&quot;jet_parallax_layout_direction&quot;:null,&quot;jet_parallax_layout_fx_direction&quot;:null,&quot;jet_parallax_layout_z_index&quot;:&quot;&quot;,&quot;jet_parallax_layout_bg_x&quot;:50,&quot;jet_parallax_layout_bg_x_tablet&quot;:&quot;&quot;,&quot;jet_parallax_layout_bg_x_mobile&quot;:&quot;&quot;,&quot;jet_parallax_layout_bg_y&quot;:50,&quot;jet_parallax_layout_bg_y_tablet&quot;:&quot;&quot;,&quot;jet_parallax_layout_bg_y_mobile&quot;:&quot;&quot;,&quot;jet_parallax_layout_bg_size&quot;:&quot;auto&quot;,&quot;jet_parallax_layout_bg_size_tablet&quot;:&quot;&quot;,&quot;jet_parallax_layout_bg_size_mobile&quot;:&quot;&quot;,&quot;jet_parallax_layout_animation_prop&quot;:&quot;transform&quot;,&quot;jet_parallax_layout_on&quot;:[&quot;desktop&quot;,&quot;tablet&quot;]}]}\">\n\t\t\t\t\t\t<div class=\"elementor-container elementor-column-gap-default\">\n\t\t\t\t\t<div class=\"elementor-column elementor-col-100 elementor-top-column elementor-element elementor-element-eead528\" data-id=\"eead528\" data-element_type=\"column\">\n\t\t\t<div class=\"elementor-widget-wrap elementor-element-populated\">\n\t\t\t\t\t\t\t\t<div class=\"elementor-element elementor-element-3b86442 elementor-widget elementor-widget-text-editor\" data-id=\"3b86442\" data-element_type=\"widget\" data-widget_type=\"text-editor.default\">\n\t\t\t\t<div class=\"elementor-widget-container\">\n\t\t\t\t\t\t\t<p>It can ask for a lien on movable and unmovable properties. If there is no written record confirming this financial debt in between the lender and the debtor, it is feasible to follow up. In such instances, an application is made as an implementation proceeding without judgment via general attachment. Enforcement and also bankruptcy situations are frequently encountered instances today. In normal life conditions, people might enter into debt connections with people or institutions for various reasons such as work or individual requirements. Consequently, sometimes, debtors may not have the ability to pay their financial obligations. In order to avoid shared grievances, enforcement and also insolvency cases are filed.<\/p>\n<p>It provides consultancy services to firms, institutions or people in all enforcement and also personal bankruptcy regulation transactions, performing deals such as financial debt collection, repossession, promise, engagement in negotiations for debtors and also financial institutions, prep work and also follow-up of personal bankruptcy postponement instances. Additionally, if you wish to seek advice from lawful concerns, you can contact us promptly.<\/p>\n<p>Our experienced and expert lawyers will answer all your questions. At the same time, consultancy in legal cases especially such as Commercial Law, Insurance Law (Traffic Accidents, Vehicle Value Loss), Compensation Law (Financial and Moral), Law of Domestic Relations, (Divorce, Custody) Enforcement Law, and also Penal Law, Inheritance Law, IT Law.<\/p>\n<p>In enforcement cases, the Izmir enforcement lawyer provides support in the following areas;<\/p>\n<p>Mediatoring between in creditor and debtor to collecting debts,<\/p>\n<p>Advocate the natural and legal person\u2019s rights throughout the case,<\/p>\n<p>Initiating enforcement proceedings by applying to the enforcement office when the debt cannot be collected in natural ways,<\/p>\n<p>Dealing with pledge and hypothec sales<\/p>\n<p>Dealing with the attachment process, starting the sales part and collecting the debt from the debtor, etc.<\/p>\n<p>When you search for the very best enforcement lawyer in Izmir, you can discover many choices. It is very essential to work with a legal representative experienced in enforcement and bankruptcy issues. It is required to initiate and also comply with legal processes relating to knowing financial debts and receivables occurring from industrial transactions. These procedures consist of lengthy and also complex treatments. At this moment, a specialized legal representative will aid the instance move forward in a positive means.<\/p>\n<p>During enforcement and bankruptcy situations, legal representatives take steps to prevent both the organization and the person from being taken advantage of. All procedures of the borrower are additionally adhered to and the documents is shut after the receivable is gathered. In enforcement cases, the amount of financial debt might consist of small or large numbers. The vital point below is not the amount of the financial debt, yet whether the receivable is gathered or not is just one of the most essential issues. When you collaborate with an experienced attorney who has actually acted on these concerns for a very long time, you will certainly obtain what you need much faster, while at the same time you will easily get over the long as well as intricate procedure such as deal monitoring.<\/p>\t\t\t\t\t\t<\/div>\n\t\t\t\t<\/div>\n\t\t\t\t\t<\/div>\n\t\t<\/div>\n\t\t\t\t\t\t\t<\/div>\n\t\t<\/section>\n\t\t\t\t\t\t<\/div>\n\t\t\t\t\t<\/div>\n\t\t","protected":false},"excerpt":{"rendered":"<p>During the execution and foreclosure proceedings, it is important for a lawyer who is an expert in the field of enforcement to follow the proceedings on your behalf in order to reach what you will receive. In addition, the suspension of enforcement proceedings that have been unfairly initiated is also within the scope of the [&hellip;]<\/p>\n","protected":false},"author":1,"featured_media":776,"parent":0,"menu_order":0,"comment_status":"closed","ping_status":"closed","template":"","meta":[],"acf":[],"yoast_head":"<!-- This site is optimized with the Yoast SEO plugin v18.0 - https:\/\/yoast.com\/wordpress\/plugins\/seo\/ -->\n<title>\u0130zmir \u0130cra Avukat\u0131 | Enforcement Law - Lawyer Esin \u00d6zatan<\/title>\n<meta name=\"robots\" content=\"index, follow, max-snippet:-1, max-image-preview:large, max-video-preview:-1\" \/>\n<link rel=\"canonical\" href=\"https:\/\/esinozatan.av.tr\/en\/enforcement-law\/\" \/>\n<meta property=\"og:locale\" content=\"en_US\" \/>\n<meta property=\"og:type\" content=\"article\" \/>\n<meta property=\"og:title\" content=\"\u0130zmir \u0130cra Avukat\u0131 | Enforcement Law - Lawyer Esin \u00d6zatan\" \/>\n<meta property=\"og:description\" content=\"During the execution and foreclosure proceedings, it is important for a lawyer who is an expert in the field of enforcement to follow the proceedings on your behalf in order to reach what you will receive. In addition, the suspension of enforcement proceedings that have been unfairly initiated is also within the scope of the [&hellip;]\" \/>\n<meta property=\"og:url\" content=\"https:\/\/esinozatan.av.tr\/en\/enforcement-law\/\" \/>\n<meta property=\"og:site_name\" content=\"Lawyer Esin \u00d6zatan\" \/>\n<meta property=\"article:modified_time\" content=\"2022-03-25T09:43:52+00:00\" \/>\n<meta property=\"og:image\" content=\"https:\/\/esinozatan.av.tr\/en\/wp-content\/uploads\/2022\/02\/icraiflas-1.jpg\" \/>\n\t<meta property=\"og:image:width\" content=\"2000\" \/>\n\t<meta property=\"og:image:height\" content=\"1125\" \/>\n\t<meta property=\"og:image:type\" content=\"image\/jpeg\" \/>\n<meta name=\"twitter:card\" content=\"summary_large_image\" \/>\n<meta name=\"twitter:label1\" content=\"Est. reading time\" \/>\n\t<meta name=\"twitter:data1\" content=\"5 minutes\" \/>\n<script type=\"application\/ld+json\" class=\"yoast-schema-graph\">{\"@context\":\"https:\/\/schema.org\",\"@graph\":[{\"@type\":\"WebSite\",\"@id\":\"https:\/\/esinozatan.av.tr\/en\/#website\",\"url\":\"https:\/\/esinozatan.av.tr\/en\/\",\"name\":\"Lawyer Esin \u00d6zatan\",\"description\":\"Law Office\",\"potentialAction\":[{\"@type\":\"SearchAction\",\"target\":{\"@type\":\"EntryPoint\",\"urlTemplate\":\"https:\/\/esinozatan.av.tr\/en\/?s={search_term_string}\"},\"query-input\":\"required name=search_term_string\"}],\"inLanguage\":\"en-US\"},{\"@type\":\"ImageObject\",\"@id\":\"https:\/\/esinozatan.av.tr\/en\/enforcement-law\/#primaryimage\",\"inLanguage\":\"en-US\",\"url\":\"https:\/\/esinozatan.av.tr\/en\/wp-content\/uploads\/2022\/02\/icraiflas-1.jpg\",\"contentUrl\":\"https:\/\/esinozatan.av.tr\/en\/wp-content\/uploads\/2022\/02\/icraiflas-1.jpg\",\"width\":2000,\"height\":1125},{\"@type\":\"WebPage\",\"@id\":\"https:\/\/esinozatan.av.tr\/en\/enforcement-law\/#webpage\",\"url\":\"https:\/\/esinozatan.av.tr\/en\/enforcement-law\/\",\"name\":\"\u0130zmir \u0130cra Avukat\u0131 | Enforcement Law - Lawyer Esin \u00d6zatan\",\"isPartOf\":{\"@id\":\"https:\/\/esinozatan.av.tr\/en\/#website\"},\"primaryImageOfPage\":{\"@id\":\"https:\/\/esinozatan.av.tr\/en\/enforcement-law\/#primaryimage\"},\"datePublished\":\"2022-01-26T07:22:31+00:00\",\"dateModified\":\"2022-03-25T09:43:52+00:00\",\"breadcrumb\":{\"@id\":\"https:\/\/esinozatan.av.tr\/en\/enforcement-law\/#breadcrumb\"},\"inLanguage\":\"en-US\",\"potentialAction\":[{\"@type\":\"ReadAction\",\"target\":[\"https:\/\/esinozatan.av.tr\/en\/enforcement-law\/\"]}]},{\"@type\":\"BreadcrumbList\",\"@id\":\"https:\/\/esinozatan.av.tr\/en\/enforcement-law\/#breadcrumb\",\"itemListElement\":[{\"@type\":\"ListItem\",\"position\":1,\"name\":\"Anasayfa\",\"item\":\"https:\/\/esinozatan.av.tr\/en\/\"},{\"@type\":\"ListItem\",\"position\":2,\"name\":\"Enforcement Law\"}]}]}<\/script>\n<!-- \/ Yoast SEO plugin. -->","yoast_head_json":{"title":"\u0130zmir \u0130cra Avukat\u0131 | Enforcement Law - Lawyer Esin \u00d6zatan","robots":{"index":"index","follow":"follow","max-snippet":"max-snippet:-1","max-image-preview":"max-image-preview:large","max-video-preview":"max-video-preview:-1"},"canonical":"https:\/\/esinozatan.av.tr\/en\/enforcement-law\/","og_locale":"en_US","og_type":"article","og_title":"\u0130zmir \u0130cra Avukat\u0131 | Enforcement Law - Lawyer Esin \u00d6zatan","og_description":"During the execution and foreclosure proceedings, it is important for a lawyer who is an expert in the field of enforcement to follow the proceedings on your behalf in order to reach what you will receive. In addition, the suspension of enforcement proceedings that have been unfairly initiated is also within the scope of the [&hellip;]","og_url":"https:\/\/esinozatan.av.tr\/en\/enforcement-law\/","og_site_name":"Lawyer Esin \u00d6zatan","article_modified_time":"2022-03-25T09:43:52+00:00","og_image":[{"width":2000,"height":1125,"url":"https:\/\/esinozatan.av.tr\/en\/wp-content\/uploads\/2022\/02\/icraiflas-1.jpg","type":"image\/jpeg"}],"twitter_card":"summary_large_image","twitter_misc":{"Est. reading time":"5 minutes"},"schema":{"@context":"https:\/\/schema.org","@graph":[{"@type":"WebSite","@id":"https:\/\/esinozatan.av.tr\/en\/#website","url":"https:\/\/esinozatan.av.tr\/en\/","name":"Lawyer Esin \u00d6zatan","description":"Law Office","potentialAction":[{"@type":"SearchAction","target":{"@type":"EntryPoint","urlTemplate":"https:\/\/esinozatan.av.tr\/en\/?s={search_term_string}"},"query-input":"required name=search_term_string"}],"inLanguage":"en-US"},{"@type":"ImageObject","@id":"https:\/\/esinozatan.av.tr\/en\/enforcement-law\/#primaryimage","inLanguage":"en-US","url":"https:\/\/esinozatan.av.tr\/en\/wp-content\/uploads\/2022\/02\/icraiflas-1.jpg","contentUrl":"https:\/\/esinozatan.av.tr\/en\/wp-content\/uploads\/2022\/02\/icraiflas-1.jpg","width":2000,"height":1125},{"@type":"WebPage","@id":"https:\/\/esinozatan.av.tr\/en\/enforcement-law\/#webpage","url":"https:\/\/esinozatan.av.tr\/en\/enforcement-law\/","name":"\u0130zmir \u0130cra Avukat\u0131 | Enforcement Law - Lawyer Esin \u00d6zatan","isPartOf":{"@id":"https:\/\/esinozatan.av.tr\/en\/#website"},"primaryImageOfPage":{"@id":"https:\/\/esinozatan.av.tr\/en\/enforcement-law\/#primaryimage"},"datePublished":"2022-01-26T07:22:31+00:00","dateModified":"2022-03-25T09:43:52+00:00","breadcrumb":{"@id":"https:\/\/esinozatan.av.tr\/en\/enforcement-law\/#breadcrumb"},"inLanguage":"en-US","potentialAction":[{"@type":"ReadAction","target":["https:\/\/esinozatan.av.tr\/en\/enforcement-law\/"]}]},{"@type":"BreadcrumbList","@id":"https:\/\/esinozatan.av.tr\/en\/enforcement-law\/#breadcrumb","itemListElement":[{"@type":"ListItem","position":1,"name":"Anasayfa","item":"https:\/\/esinozatan.av.tr\/en\/"},{"@type":"ListItem","position":2,"name":"Enforcement Law"}]}]}},"_links":{"self":[{"href":"https:\/\/esinozatan.av.tr\/en\/wp-json\/wp\/v2\/pages\/563"}],"collection":[{"href":"https:\/\/esinozatan.av.tr\/en\/wp-json\/wp\/v2\/pages"}],"about":[{"href":"https:\/\/esinozatan.av.tr\/en\/wp-json\/wp\/v2\/types\/page"}],"author":[{"embeddable":true,"href":"https:\/\/esinozatan.av.tr\/en\/wp-json\/wp\/v2\/users\/1"}],"replies":[{"embeddable":true,"href":"https:\/\/esinozatan.av.tr\/en\/wp-json\/wp\/v2\/comments?post=563"}],"version-history":[{"count":13,"href":"https:\/\/esinozatan.av.tr\/en\/wp-json\/wp\/v2\/pages\/563\/revisions"}],"predecessor-version":[{"id":984,"href":"https:\/\/esinozatan.av.tr\/en\/wp-json\/wp\/v2\/pages\/563\/revisions\/984"}],"wp:featuredmedia":[{"embeddable":true,"href":"https:\/\/esinozatan.av.tr\/en\/wp-json\/wp\/v2\/media\/776"}],"wp:attachment":[{"href":"https:\/\/esinozatan.av.tr\/en\/wp-json\/wp\/v2\/media?parent=563"}],"curies":[{"name":"wp","href":"https:\/\/api.w.org\/{rel}","templated":true}]}}