{"id":19,"date":"2019-07-09T21:03:23","date_gmt":"2019-07-09T18:03:23","guid":{"rendered":"https:\/\/jupiterx.artbees.net\/lawyer\/?page_id=19"},"modified":"2022-03-25T13:14:01","modified_gmt":"2022-03-25T10:14:01","slug":"blog","status":"publish","type":"page","link":"https:\/\/esinozatan.av.tr\/en\/blog\/","title":{"rendered":"Blog"},"content":{"rendered":"\t\t<div data-elementor-type=\"wp-post\" data-elementor-id=\"19\" class=\"elementor elementor-19\" data-elementor-settings=\"[]\">\n\t\t\t\t\t\t\t<div class=\"elementor-section-wrap\">\n\t\t\t\t\t\t\t<section class=\"elementor-section elementor-top-section elementor-element elementor-element-db7bb67 elementor-section-stretched elementor-section-height-min-height elementor-section-boxed elementor-section-height-default elementor-section-items-middle\" data-id=\"db7bb67\" data-element_type=\"section\" data-settings=\"{&quot;stretch_section&quot;:&quot;section-stretched&quot;,&quot;jet_parallax_layout_list&quot;:[{&quot;jet_parallax_layout_image&quot;:{&quot;url&quot;:&quot;&quot;,&quot;id&quot;:&quot;&quot;},&quot;_id&quot;:&quot;121a7f6&quot;,&quot;jet_parallax_layout_speed&quot;:{&quot;unit&quot;:&quot;%&quot;,&quot;size&quot;:&quot;50&quot;,&quot;sizes&quot;:[]},&quot;jet_parallax_layout_bg_x&quot;:&quot;50&quot;,&quot;jet_parallax_layout_bg_y&quot;:&quot;50&quot;,&quot;jet_parallax_layout_image_tablet&quot;:{&quot;url&quot;:&quot;&quot;,&quot;id&quot;:&quot;&quot;},&quot;jet_parallax_layout_image_mobile&quot;:{&quot;url&quot;:&quot;&quot;,&quot;id&quot;:&quot;&quot;},&quot;jet_parallax_layout_type&quot;:&quot;scroll&quot;,&quot;jet_parallax_layout_direction&quot;:null,&quot;jet_parallax_layout_fx_direction&quot;:null,&quot;jet_parallax_layout_z_index&quot;:&quot;&quot;,&quot;jet_parallax_layout_bg_x_tablet&quot;:&quot;&quot;,&quot;jet_parallax_layout_bg_x_mobile&quot;:&quot;&quot;,&quot;jet_parallax_layout_bg_y_tablet&quot;:&quot;&quot;,&quot;jet_parallax_layout_bg_y_mobile&quot;:&quot;&quot;,&quot;jet_parallax_layout_bg_size&quot;:&quot;auto&quot;,&quot;jet_parallax_layout_bg_size_tablet&quot;:&quot;&quot;,&quot;jet_parallax_layout_bg_size_mobile&quot;:&quot;&quot;,&quot;jet_parallax_layout_animation_prop&quot;:&quot;transform&quot;,&quot;jet_parallax_layout_on&quot;:[&quot;desktop&quot;,&quot;tablet&quot;]}],&quot;background_background&quot;:&quot;classic&quot;}\">\n\t\t\t\t\t\t\t<div class=\"elementor-background-overlay\"><\/div>\n\t\t\t\t\t\t\t<div class=\"elementor-container elementor-column-gap-default\">\n\t\t\t\t\t<div class=\"elementor-column elementor-col-100 elementor-top-column elementor-element elementor-element-a31cf3e\" data-id=\"a31cf3e\" data-element_type=\"column\">\n\t\t\t<div class=\"elementor-widget-wrap elementor-element-populated\">\n\t\t\t\t\t\t\t\t<div class=\"elementor-element elementor-element-a62b21b elementor-align-center elementor-widget elementor-widget-raven-heading\" data-id=\"a62b21b\" data-element_type=\"widget\" data-widget_type=\"raven-heading.default\">\n\t\t\t\t<div class=\"elementor-widget-container\">\n\t\t\t\t\t<div class=\"raven-widget-wrapper\"><h1 class=\"raven-heading raven-heading-h1\"><span class=\"raven-heading-title\">BLOG<\/span><\/h1><\/div>\n\t\t\t\t<\/div>\n\t\t\t\t<\/div>\n\t\t\t\t\t<\/div>\n\t\t<\/div>\n\t\t\t\t\t\t\t<\/div>\n\t\t<\/section>\n\t\t\t\t<section class=\"elementor-section elementor-top-section elementor-element elementor-element-5582443 elementor-section-boxed elementor-section-height-default elementor-section-height-default\" data-id=\"5582443\" data-element_type=\"section\" data-settings=\"{&quot;jet_parallax_layout_list&quot;:[{&quot;jet_parallax_layout_image&quot;:{&quot;url&quot;:&quot;&quot;,&quot;id&quot;:&quot;&quot;},&quot;_id&quot;:&quot;cd09997&quot;,&quot;jet_parallax_layout_speed&quot;:{&quot;unit&quot;:&quot;%&quot;,&quot;size&quot;:&quot;50&quot;,&quot;sizes&quot;:[]},&quot;jet_parallax_layout_bg_x&quot;:&quot;50&quot;,&quot;jet_parallax_layout_bg_y&quot;:&quot;50&quot;,&quot;jet_parallax_layout_image_tablet&quot;:{&quot;url&quot;:&quot;&quot;,&quot;id&quot;:&quot;&quot;},&quot;jet_parallax_layout_image_mobile&quot;:{&quot;url&quot;:&quot;&quot;,&quot;id&quot;:&quot;&quot;},&quot;jet_parallax_layout_type&quot;:&quot;scroll&quot;,&quot;jet_parallax_layout_direction&quot;:null,&quot;jet_parallax_layout_fx_direction&quot;:null,&quot;jet_parallax_layout_z_index&quot;:&quot;&quot;,&quot;jet_parallax_layout_bg_x_tablet&quot;:&quot;&quot;,&quot;jet_parallax_layout_bg_x_mobile&quot;:&quot;&quot;,&quot;jet_parallax_layout_bg_y_tablet&quot;:&quot;&quot;,&quot;jet_parallax_layout_bg_y_mobile&quot;:&quot;&quot;,&quot;jet_parallax_layout_bg_size&quot;:&quot;auto&quot;,&quot;jet_parallax_layout_bg_size_tablet&quot;:&quot;&quot;,&quot;jet_parallax_layout_bg_size_mobile&quot;:&quot;&quot;,&quot;jet_parallax_layout_animation_prop&quot;:&quot;transform&quot;,&quot;jet_parallax_layout_on&quot;:[&quot;desktop&quot;,&quot;tablet&quot;]}]}\">\n\t\t\t\t\t\t<div class=\"elementor-container elementor-column-gap-default\">\n\t\t\t\t\t<div class=\"elementor-column elementor-col-100 elementor-top-column elementor-element elementor-element-238bc45\" data-id=\"238bc45\" data-element_type=\"column\">\n\t\t\t<div class=\"elementor-widget-wrap elementor-element-populated\">\n\t\t\t\t\t\t\t\t<div class=\"elementor-element elementor-element-a5939c7 elementor-widget elementor-widget-raven-posts\" data-id=\"a5939c7\" data-element_type=\"widget\" data-settings=\"{&quot;classic_columns&quot;:&quot;1&quot;,&quot;classic_columns_tablet&quot;:&quot;1&quot;,&quot;query_posts_per_page&quot;:&quot;4&quot;,&quot;classic_show_pagination&quot;:&quot;yes&quot;,&quot;classic_pagination_type&quot;:&quot;load_more&quot;,&quot;_skin&quot;:&quot;classic&quot;,&quot;classic_layout&quot;:&quot;grid&quot;,&quot;classic_columns_mobile&quot;:&quot;1&quot;,&quot;query_offset&quot;:0}\" data-widget_type=\"raven-posts.classic\">\n\t\t\t\t<div class=\"elementor-widget-container\">\n\t\t\t\t\t<div class=\"raven-posts raven-grid raven-grid-1 raven-grid-tablet-1 raven-grid-mobile-1\" data-post-id=\"19\" data-archive-query=\"\">\n\t\t\t\t<div class=\"raven-grid-item raven-post-item post-928 post type-post status-publish format-standard has-post-thumbnail hentry category-izmir-law-and-consultancy-office\">\n\t\t\t<div class=\"raven-post raven-post-inline raven-post-inline-left\">\n\t\t\t\t\t\t<div class=\"raven-post-image-wrap\">\n\t\t\t<a class=\"raven-post-image raven-image-fit\" href=\"https:\/\/esinozatan.av.tr\/en\/facility-of-a-business-by-foreign-nationals-in-turkey\/\"><img width=\"750\" height=\"461\" src=\"https:\/\/esinozatan.av.tr\/en\/wp-content\/uploads\/2022\/03\/yabanci-uyruklu-kisilerin-is-kurmasi-e1647431039991.jpg\" class=\"attachment-full size-full\" alt=\"Yabanc\u0131 uyruklu ki\u015filerin \u015firket kurmas\u0131\" loading=\"lazy\" \/> <span class=\"raven-post-image-overlay\"><\/span><\/a>\t\t<\/div>\n\t\t\t\t\t\t<div class=\"raven-post-content\">\n\t\t\t\t\t\t\t<div class=\"raven-post-meta\"><a class=\"raven-post-meta-item raven-post-date\" href=\"https:\/\/esinozatan.av.tr\/en\/2022\/03\/\" rel=\"bookmark\">16 March 2022<\/a>\n<span class=\"raven-post-meta-divider\">-<\/span>\n<span class=\"raven-post-meta-item raven-post-categories\"><a href=\"https:\/\/esinozatan.av.tr\/en\/category\/izmir-law-and-consultancy-office\/\" rel=\"tag\">Izmir Law and Consultancy Office<\/a><\/span><\/div>\n\t\t<h2 class=\"raven-post-title\"><a class=\"raven-post-title-link\" href=\"https:\/\/esinozatan.av.tr\/en\/facility-of-a-business-by-foreign-nationals-in-turkey\/\">Facility of a Business by Foreign Nationals in Turkey<\/a><\/h2>\t\t<div class=\"raven-post-excerpt\">Foreign nationals can establish a firm in Turkey Firm facility and business activities of international nationals go through the arrangements of the Turkish Commercial Code as well as the Turkish<\/div>\n\t\t\t\t<div class=\"raven-post-read-more\">\n\t\t\t<a class=\"raven-post-button\" href=\"https:\/\/esinozatan.av.tr\/en\/facility-of-a-business-by-foreign-nationals-in-turkey\/\"><span class=\"raven-post-button-text\">Read More...<\/span><\/a>\n\t\t<\/div>\n\t\t\t\t\t\t<\/div>\n\t\t\t<\/div>\n\t\t<\/div>\n\t\t\t\t<div class=\"raven-grid-item raven-post-item post-895 post type-post status-publish format-standard has-post-thumbnail hentry category-izmir-law-and-consultancy-office\">\n\t\t\t<div class=\"raven-post raven-post-inline raven-post-inline-left\">\n\t\t\t\t\t\t<div class=\"raven-post-image-wrap\">\n\t\t\t<a class=\"raven-post-image raven-image-fit\" href=\"https:\/\/esinozatan.av.tr\/en\/residence-permit-for-foreigners\/\"><img width=\"750\" height=\"350\" src=\"https:\/\/esinozatan.av.tr\/en\/wp-content\/uploads\/2022\/03\/yabancilarin-oturma-izni.jpg\" class=\"attachment-full size-full\" alt=\"Yabanc\u0131lar\u0131n oturma izni\" loading=\"lazy\" srcset=\"https:\/\/esinozatan.av.tr\/en\/wp-content\/uploads\/2022\/03\/yabancilarin-oturma-izni.jpg 750w, https:\/\/esinozatan.av.tr\/en\/wp-content\/uploads\/2022\/03\/yabancilarin-oturma-izni-300x140.jpg 300w\" sizes=\"(max-width: 750px) 100vw, 750px\" \/> <span class=\"raven-post-image-overlay\"><\/span><\/a>\t\t<\/div>\n\t\t\t\t\t\t<div class=\"raven-post-content\">\n\t\t\t\t\t\t\t<div class=\"raven-post-meta\"><a class=\"raven-post-meta-item raven-post-date\" href=\"https:\/\/esinozatan.av.tr\/en\/2022\/03\/\" rel=\"bookmark\">10 March 2022<\/a>\n<span class=\"raven-post-meta-divider\">-<\/span>\n<span class=\"raven-post-meta-item raven-post-categories\"><a href=\"https:\/\/esinozatan.av.tr\/en\/category\/izmir-law-and-consultancy-office\/\" rel=\"tag\">Izmir Law and Consultancy Office<\/a><\/span><\/div>\n\t\t<h2 class=\"raven-post-title\"><a class=\"raven-post-title-link\" href=\"https:\/\/esinozatan.av.tr\/en\/residence-permit-for-foreigners\/\">Residence Permit for Foreigners<\/a><\/h2>\t\t<div class=\"raven-post-excerpt\">Recidence Permit of Foreign Nationals Our law practice carries out its expert activities in getting residence permit for international nationals as well as establishing business with foreign resources.Residence permit of<\/div>\n\t\t\t\t<div class=\"raven-post-read-more\">\n\t\t\t<a class=\"raven-post-button\" href=\"https:\/\/esinozatan.av.tr\/en\/residence-permit-for-foreigners\/\"><span class=\"raven-post-button-text\">Read More...<\/span><\/a>\n\t\t<\/div>\n\t\t\t\t\t\t<\/div>\n\t\t\t<\/div>\n\t\t<\/div>\n\t\t\t\t<\/div>\n\t\t\t\t<\/div>\n\t\t\t\t<\/div>\n\t\t\t\t\t<\/div>\n\t\t<\/div>\n\t\t\t\t\t\t\t<\/div>\n\t\t<\/section>\n\t\t\t\t\t\t<\/div>\n\t\t\t\t\t<\/div>\n\t\t","protected":false},"excerpt":{"rendered":"<p>BLOG 16 Mart 2022 &#8211; Izmir Law and Consultancy Office Facility of a Business by Foreign Nationals in Turkey Foreign nationals can establish a firm in Turkey Firm facility and business activities of international nationals go through the arrangements of the Turkish Commercial Code as well as the Turkish Read More&#8230; 10 Mart 2022 &#8211; [&hellip;]<\/p>\n","protected":false},"author":1,"featured_media":0,"parent":0,"menu_order":0,"comment_status":"closed","ping_status":"closed","template":"elementor_header_footer","meta":[],"acf":[],"yoast_head":"<!-- This site is optimized with the Yoast SEO plugin v18.0 - https:\/\/yoast.com\/wordpress\/plugins\/seo\/ -->\n<title>Blog - Lawyer Esin \u00d6zatan<\/title>\n<meta name=\"robots\" content=\"index, follow, max-snippet:-1, max-image-preview:large, max-video-preview:-1\" \/>\n<link rel=\"canonical\" href=\"https:\/\/esinozatan.av.tr\/en\/blog\/\" \/>\n<meta property=\"og:locale\" content=\"en_US\" \/>\n<meta property=\"og:type\" content=\"article\" \/>\n<meta property=\"og:title\" content=\"Blog - Lawyer Esin \u00d6zatan\" \/>\n<meta property=\"og:description\" content=\"BLOG 16 Mart 2022 &#8211; Izmir Law and Consultancy Office Facility of a Business by Foreign Nationals in Turkey Foreign nationals can establish a firm in Turkey Firm facility and business activities of international nationals go through the arrangements of the Turkish Commercial Code as well as the Turkish Read More&#8230; 10 Mart 2022 &#8211; [&hellip;]\" \/>\n<meta property=\"og:url\" content=\"https:\/\/esinozatan.av.tr\/en\/blog\/\" \/>\n<meta property=\"og:site_name\" content=\"Lawyer Esin \u00d6zatan\" \/>\n<meta property=\"article:modified_time\" content=\"2022-03-25T10:14:01+00:00\" \/>\n<meta property=\"og:image\" content=\"https:\/\/esinozatan.av.tr\/en\/wp-content\/uploads\/2022\/03\/yabanci-uyruklu-kisilerin-is-kurmasi-e1647431039991.jpg\" \/>\n<meta name=\"twitter:card\" content=\"summary_large_image\" \/>\n<meta name=\"twitter:label1\" content=\"Est. reading time\" \/>\n\t<meta name=\"twitter:data1\" content=\"1 minute\" \/>\n<script type=\"application\/ld+json\" class=\"yoast-schema-graph\">{\"@context\":\"https:\/\/schema.org\",\"@graph\":[{\"@type\":\"WebSite\",\"@id\":\"https:\/\/esinozatan.av.tr\/en\/#website\",\"url\":\"https:\/\/esinozatan.av.tr\/en\/\",\"name\":\"Lawyer Esin \u00d6zatan\",\"description\":\"Law Office\",\"potentialAction\":[{\"@type\":\"SearchAction\",\"target\":{\"@type\":\"EntryPoint\",\"urlTemplate\":\"https:\/\/esinozatan.av.tr\/en\/?s={search_term_string}\"},\"query-input\":\"required name=search_term_string\"}],\"inLanguage\":\"en-US\"},{\"@type\":\"ImageObject\",\"@id\":\"https:\/\/esinozatan.av.tr\/en\/blog\/#primaryimage\",\"inLanguage\":\"en-US\",\"url\":\"https:\/\/esinozatan.av.tr\/en\/wp-content\/uploads\/2022\/03\/yabanci-uyruklu-kisilerin-is-kurmasi-e1647431039991.jpg\",\"contentUrl\":\"https:\/\/esinozatan.av.tr\/en\/wp-content\/uploads\/2022\/03\/yabanci-uyruklu-kisilerin-is-kurmasi-e1647431039991.jpg\",\"width\":750,\"height\":461,\"caption\":\"Yabanc\u0131 uyruklu ki\u015filerin \u015firket kurmas\u0131\"},{\"@type\":\"WebPage\",\"@id\":\"https:\/\/esinozatan.av.tr\/en\/blog\/#webpage\",\"url\":\"https:\/\/esinozatan.av.tr\/en\/blog\/\",\"name\":\"Blog - Lawyer Esin \u00d6zatan\",\"isPartOf\":{\"@id\":\"https:\/\/esinozatan.av.tr\/en\/#website\"},\"primaryImageOfPage\":{\"@id\":\"https:\/\/esinozatan.av.tr\/en\/blog\/#primaryimage\"},\"datePublished\":\"2019-07-09T18:03:23+00:00\",\"dateModified\":\"2022-03-25T10:14:01+00:00\",\"breadcrumb\":{\"@id\":\"https:\/\/esinozatan.av.tr\/en\/blog\/#breadcrumb\"},\"inLanguage\":\"en-US\",\"potentialAction\":[{\"@type\":\"ReadAction\",\"target\":[\"https:\/\/esinozatan.av.tr\/en\/blog\/\"]}]},{\"@type\":\"BreadcrumbList\",\"@id\":\"https:\/\/esinozatan.av.tr\/en\/blog\/#breadcrumb\",\"itemListElement\":[{\"@type\":\"ListItem\",\"position\":1,\"name\":\"Anasayfa\",\"item\":\"https:\/\/esinozatan.av.tr\/en\/\"},{\"@type\":\"ListItem\",\"position\":2,\"name\":\"Blog\"}]}]}<\/script>\n<!-- \/ Yoast SEO plugin. -->","yoast_head_json":{"title":"Blog - Lawyer Esin \u00d6zatan","robots":{"index":"index","follow":"follow","max-snippet":"max-snippet:-1","max-image-preview":"max-image-preview:large","max-video-preview":"max-video-preview:-1"},"canonical":"https:\/\/esinozatan.av.tr\/en\/blog\/","og_locale":"en_US","og_type":"article","og_title":"Blog - Lawyer Esin \u00d6zatan","og_description":"BLOG 16 Mart 2022 &#8211; Izmir Law and Consultancy Office Facility of a Business by Foreign Nationals in Turkey Foreign nationals can establish a firm in Turkey Firm facility and business activities of international nationals go through the arrangements of the Turkish Commercial Code as well as the Turkish Read More&#8230; 10 Mart 2022 &#8211; [&hellip;]","og_url":"https:\/\/esinozatan.av.tr\/en\/blog\/","og_site_name":"Lawyer Esin \u00d6zatan","article_modified_time":"2022-03-25T10:14:01+00:00","og_image":[{"url":"https:\/\/esinozatan.av.tr\/en\/wp-content\/uploads\/2022\/03\/yabanci-uyruklu-kisilerin-is-kurmasi-e1647431039991.jpg"}],"twitter_card":"summary_large_image","twitter_misc":{"Est. reading time":"1 minute"},"schema":{"@context":"https:\/\/schema.org","@graph":[{"@type":"WebSite","@id":"https:\/\/esinozatan.av.tr\/en\/#website","url":"https:\/\/esinozatan.av.tr\/en\/","name":"Lawyer Esin \u00d6zatan","description":"Law Office","potentialAction":[{"@type":"SearchAction","target":{"@type":"EntryPoint","urlTemplate":"https:\/\/esinozatan.av.tr\/en\/?s={search_term_string}"},"query-input":"required name=search_term_string"}],"inLanguage":"en-US"},{"@type":"ImageObject","@id":"https:\/\/esinozatan.av.tr\/en\/blog\/#primaryimage","inLanguage":"en-US","url":"https:\/\/esinozatan.av.tr\/en\/wp-content\/uploads\/2022\/03\/yabanci-uyruklu-kisilerin-is-kurmasi-e1647431039991.jpg","contentUrl":"https:\/\/esinozatan.av.tr\/en\/wp-content\/uploads\/2022\/03\/yabanci-uyruklu-kisilerin-is-kurmasi-e1647431039991.jpg","width":750,"height":461,"caption":"Yabanc\u0131 uyruklu ki\u015filerin \u015firket kurmas\u0131"},{"@type":"WebPage","@id":"https:\/\/esinozatan.av.tr\/en\/blog\/#webpage","url":"https:\/\/esinozatan.av.tr\/en\/blog\/","name":"Blog - Lawyer Esin \u00d6zatan","isPartOf":{"@id":"https:\/\/esinozatan.av.tr\/en\/#website"},"primaryImageOfPage":{"@id":"https:\/\/esinozatan.av.tr\/en\/blog\/#primaryimage"},"datePublished":"2019-07-09T18:03:23+00:00","dateModified":"2022-03-25T10:14:01+00:00","breadcrumb":{"@id":"https:\/\/esinozatan.av.tr\/en\/blog\/#breadcrumb"},"inLanguage":"en-US","potentialAction":[{"@type":"ReadAction","target":["https:\/\/esinozatan.av.tr\/en\/blog\/"]}]},{"@type":"BreadcrumbList","@id":"https:\/\/esinozatan.av.tr\/en\/blog\/#breadcrumb","itemListElement":[{"@type":"ListItem","position":1,"name":"Anasayfa","item":"https:\/\/esinozatan.av.tr\/en\/"},{"@type":"ListItem","position":2,"name":"Blog"}]}]}},"_links":{"self":[{"href":"https:\/\/esinozatan.av.tr\/en\/wp-json\/wp\/v2\/pages\/19"}],"collection":[{"href":"https:\/\/esinozatan.av.tr\/en\/wp-json\/wp\/v2\/pages"}],"about":[{"href":"https:\/\/esinozatan.av.tr\/en\/wp-json\/wp\/v2\/types\/page"}],"author":[{"embeddable":true,"href":"https:\/\/esinozatan.av.tr\/en\/wp-json\/wp\/v2\/users\/1"}],"replies":[{"embeddable":true,"href":"https:\/\/esinozatan.av.tr\/en\/wp-json\/wp\/v2\/comments?post=19"}],"version-history":[{"count":30,"href":"https:\/\/esinozatan.av.tr\/en\/wp-json\/wp\/v2\/pages\/19\/revisions"}],"predecessor-version":[{"id":1017,"href":"https:\/\/esinozatan.av.tr\/en\/wp-json\/wp\/v2\/pages\/19\/revisions\/1017"}],"wp:attachment":[{"href":"https:\/\/esinozatan.av.tr\/en\/wp-json\/wp\/v2\/media?parent=19"}],"curies":[{"name":"wp","href":"https:\/\/api.w.org\/{rel}","templated":true}]}}